{"id":561,"date":"2020-01-25T21:51:36","date_gmt":"2020-01-25T21:51:36","guid":{"rendered":"https:\/\/behric.art\/?post_type=product&#038;p=561"},"modified":"2023-09-28T09:02:31","modified_gmt":"2023-09-28T09:02:31","slug":"fall-to-mars","status":"publish","type":"product","link":"https:\/\/behric.art\/sl\/izdelek\/fall-to-mars\/","title":{"rendered":"Fall to Mars"},"content":{"rendered":"<p><span style=\"vertical-align: inherit;\"><span style=\"vertical-align: inherit;\">Izvirno umetni\u0161ko delo &#8211; risba na papir, barvni svin\u010dniki, format 30 x 20 cm<\/span><\/span><\/p>\n<div id=\"panel-373-4-0-1\" class=\"so-panel widget widget_pw_accordion widget-accordion panel-last-child\">\n<div class=\"panel-widget-style panel-widget-style-for-373-4-0-1\"><\/div>\n<\/div>","protected":false},"excerpt":{"rendered":"<p><span style=\"vertical-align: inherit;\"><span style=\"vertical-align: inherit;\"><span style=\"vertical-align: inherit;\"><span style=\"vertical-align: inherit;\"><span style=\"vertical-align: inherit;\">\u010clove\u0161tvo bi lahko imelo izhodi\u0161\u010de za pre\u017eivetje na Marsu le deset let, je dejal <\/span><\/span><\/span><\/span><\/span><a href=\"https:\/\/www.space.com\/18849-elon-musk.html\"><span style=\"vertical-align: inherit;\"><span style=\"vertical-align: inherit;\"><span style=\"vertical-align: inherit;\"><span style=\"vertical-align: inherit;\"><span style=\"vertical-align: inherit;\">Elon Musk<\/span><\/span><\/span><\/span><\/span><\/a><span style=\"vertical-align: inherit;\"><span style=\"vertical-align: inherit;\"><span style=\"vertical-align: inherit;\"><span style=\"vertical-align: inherit;\"><span style=\"vertical-align: inherit;\"> .<\/span><\/span><\/span><\/span><\/span><\/p>\n<p>&nbsp;<\/p>","protected":false},"featured_media":1598,"template":"","meta":[],"product_brand":[],"product_cat":[72,75],"product_tag":[100,102,101,98,96,97,32],"class_list":{"0":"post-561","1":"product","2":"type-product","3":"status-publish","4":"has-post-thumbnail","6":"product_cat-feelings","7":"product_cat-world-of-human","8":"product_tag-human","9":"product_tag-jabusimbil","10":"product_tag-mars","11":"product_tag-musk","12":"product_tag-space","13":"product_tag-spirit","14":"product_tag-stars","16":"first","17":"instock","18":"sold-individually","19":"taxable","20":"shipping-taxable","21":"purchasable","22":"product-type-variable","23":"has-default-attributes"},"yoast_head":"<!-- This site is optimized with the Yoast SEO plugin v27.3 - https:\/\/yoast.com\/product\/yoast-seo-wordpress\/ -->\n<title>Fall to Mars - BEST SHOP WONDERFUL FINEART PAINTINGS<\/title>\n<meta name=\"description\" content=\"Humanity could have a starting point for survival on Mars for only ten years, said Elon Musk. BEST SHOP WONDERFUL FINEART PAINTINGS\" \/>\n<meta name=\"robots\" content=\"index, follow, max-snippet:-1, max-image-preview:large, max-video-preview:-1\" \/>\n<link rel=\"canonical\" href=\"https:\/\/behric.art\/sl\/izdelek\/fall-to-mars\/\" \/>\n<meta property=\"og:locale\" content=\"sl_SI\" \/>\n<meta property=\"og:type\" content=\"article\" \/>\n<meta property=\"og:title\" content=\"Fall to Mars - BEST SHOP WONDERFUL FINEART PAINTINGS\" \/>\n<meta property=\"og:description\" content=\"Humanity could have a starting point for survival on Mars for only ten years, said Elon Musk. BEST SHOP WONDERFUL FINEART PAINTINGS\" \/>\n<meta property=\"og:url\" content=\"https:\/\/behric.art\/sl\/izdelek\/fall-to-mars\/\" \/>\n<meta property=\"og:site_name\" content=\"BEST SHOP WONDERFUL FINEART PAINTINGS\" \/>\n<meta property=\"article:publisher\" content=\"https:\/\/www.facebook.com\/behric.beart\" \/>\n<meta property=\"article:modified_time\" content=\"2023-09-28T09:02:31+00:00\" \/>\n<meta property=\"og:image\" content=\"https:\/\/behric.art\/wp-content\/uploads\/2020\/01\/Fall-to-Mars-1.jpg\" \/>\n\t<meta property=\"og:image:width\" content=\"543\" \/>\n\t<meta property=\"og:image:height\" content=\"768\" \/>\n\t<meta property=\"og:image:type\" content=\"image\/jpeg\" \/>\n<meta name=\"twitter:card\" content=\"summary_large_image\" \/>\n<meta name=\"twitter:site\" content=\"@BehricArt\" \/>\n<script type=\"application\/ld+json\" class=\"yoast-schema-graph\">{\"@context\":\"https:\\\/\\\/schema.org\",\"@graph\":[{\"@type\":\"WebPage\",\"@id\":\"https:\\\/\\\/behric.art\\\/sl\\\/izdelek\\\/fall-to-mars\\\/\",\"url\":\"https:\\\/\\\/behric.art\\\/product\\\/fall-to-mars\\\/\",\"name\":\"Fall to Mars - BEST SHOP WONDERFUL FINEART PAINTINGS\",\"isPartOf\":{\"@id\":\"https:\\\/\\\/behric.art\\\/#website\"},\"primaryImageOfPage\":{\"@id\":\"https:\\\/\\\/behric.art\\\/product\\\/fall-to-mars\\\/#primaryimage\"},\"image\":{\"@id\":\"https:\\\/\\\/behric.art\\\/product\\\/fall-to-mars\\\/#primaryimage\"},\"thumbnailUrl\":\"https:\\\/\\\/behric.art\\\/wp-content\\\/uploads\\\/2020\\\/01\\\/Fall-to-Mars-1.jpg\",\"datePublished\":\"2020-01-25T21:51:36+00:00\",\"dateModified\":\"2023-09-28T09:02:31+00:00\",\"description\":\"Humanity could have a starting point for survival on Mars for only ten years, said Elon Musk. BEST SHOP WONDERFUL FINEART PAINTINGS\",\"breadcrumb\":{\"@id\":\"https:\\\/\\\/behric.art\\\/product\\\/fall-to-mars\\\/#breadcrumb\"},\"inLanguage\":\"sl-SI\",\"potentialAction\":[{\"@type\":\"ReadAction\",\"target\":[\"https:\\\/\\\/behric.art\\\/product\\\/fall-to-mars\\\/\"]}]},{\"@type\":\"ImageObject\",\"inLanguage\":\"sl-SI\",\"@id\":\"https:\\\/\\\/behric.art\\\/product\\\/fall-to-mars\\\/#primaryimage\",\"url\":\"https:\\\/\\\/behric.art\\\/wp-content\\\/uploads\\\/2020\\\/01\\\/Fall-to-Mars-1.jpg\",\"contentUrl\":\"https:\\\/\\\/behric.art\\\/wp-content\\\/uploads\\\/2020\\\/01\\\/Fall-to-Mars-1.jpg\",\"width\":543,\"height\":768},{\"@type\":\"BreadcrumbList\",\"@id\":\"https:\\\/\\\/behric.art\\\/product\\\/fall-to-mars\\\/#breadcrumb\",\"itemListElement\":[{\"@type\":\"ListItem\",\"position\":1,\"name\":\"Home\",\"item\":\"https:\\\/\\\/behric.art\\\/\"},{\"@type\":\"ListItem\",\"position\":2,\"name\":\"Shop\",\"item\":\"https:\\\/\\\/behric.art\\\/shop\\\/\"},{\"@type\":\"ListItem\",\"position\":3,\"name\":\"fall to mars\"}]},{\"@type\":\"WebSite\",\"@id\":\"https:\\\/\\\/behric.art\\\/#website\",\"url\":\"https:\\\/\\\/behric.art\\\/\",\"name\":\"BeART\",\"description\":\"Handi Behric ART\",\"publisher\":{\"@id\":\"https:\\\/\\\/behric.art\\\/#\\\/schema\\\/person\\\/49cdfa066608cb7bbcd356d6aa2ab771\"},\"potentialAction\":[{\"@type\":\"SearchAction\",\"target\":{\"@type\":\"EntryPoint\",\"urlTemplate\":\"https:\\\/\\\/behric.art\\\/?s={search_term_string}\"},\"query-input\":{\"@type\":\"PropertyValueSpecification\",\"valueRequired\":true,\"valueName\":\"search_term_string\"}}],\"inLanguage\":\"sl-SI\"},{\"@type\":[\"Person\",\"Organization\"],\"@id\":\"https:\\\/\\\/behric.art\\\/#\\\/schema\\\/person\\\/49cdfa066608cb7bbcd356d6aa2ab771\",\"name\":\"Handi Behric\",\"image\":{\"@type\":\"ImageObject\",\"inLanguage\":\"sl-SI\",\"@id\":\"https:\\\/\\\/behric.art\\\/wp-content\\\/uploads\\\/2022\\\/09\\\/BEART-LOGO-krog-400.png\",\"url\":\"https:\\\/\\\/behric.art\\\/wp-content\\\/uploads\\\/2022\\\/09\\\/BEART-LOGO-krog-400.png\",\"contentUrl\":\"https:\\\/\\\/behric.art\\\/wp-content\\\/uploads\\\/2022\\\/09\\\/BEART-LOGO-krog-400.png\",\"width\":400,\"height\":400,\"caption\":\"Handi Behric\"},\"logo\":{\"@id\":\"https:\\\/\\\/behric.art\\\/wp-content\\\/uploads\\\/2022\\\/09\\\/BEART-LOGO-krog-400.png\"},\"sameAs\":[\"https:\\\/\\\/behric.art\\\/\",\"https:\\\/\\\/www.facebook.com\\\/behric.beart\",\"https:\\\/\\\/www.instagram.com\\\/behric.beart\\\/\",\"https:\\\/\\\/x.com\\\/BehricArt\"]}]}<\/script>\n<!-- \/ Yoast SEO plugin. -->","yoast_head_json":{"title":"Fall to Mars - BEST SHOP WONDERFUL FINEART PAINTINGS","description":"Humanity could have a starting point for survival on Mars for only ten years, said Elon Musk. BEST SHOP WONDERFUL FINEART PAINTINGS","robots":{"index":"index","follow":"follow","max-snippet":"max-snippet:-1","max-image-preview":"max-image-preview:large","max-video-preview":"max-video-preview:-1"},"canonical":"https:\/\/behric.art\/sl\/izdelek\/fall-to-mars\/","og_locale":"sl_SI","og_type":"article","og_title":"Fall to Mars - BEST SHOP WONDERFUL FINEART PAINTINGS","og_description":"Humanity could have a starting point for survival on Mars for only ten years, said Elon Musk. BEST SHOP WONDERFUL FINEART PAINTINGS","og_url":"https:\/\/behric.art\/sl\/izdelek\/fall-to-mars\/","og_site_name":"BEST SHOP WONDERFUL FINEART PAINTINGS","article_publisher":"https:\/\/www.facebook.com\/behric.beart","article_modified_time":"2023-09-28T09:02:31+00:00","og_image":[{"width":543,"height":768,"url":"https:\/\/behric.art\/wp-content\/uploads\/2020\/01\/Fall-to-Mars-1.jpg","type":"image\/jpeg"}],"twitter_card":"summary_large_image","twitter_site":"@BehricArt","schema":{"@context":"https:\/\/schema.org","@graph":[{"@type":"WebPage","@id":"https:\/\/behric.art\/sl\/izdelek\/fall-to-mars\/","url":"https:\/\/behric.art\/product\/fall-to-mars\/","name":"Fall to Mars - BEST SHOP WONDERFUL FINEART PAINTINGS","isPartOf":{"@id":"https:\/\/behric.art\/#website"},"primaryImageOfPage":{"@id":"https:\/\/behric.art\/product\/fall-to-mars\/#primaryimage"},"image":{"@id":"https:\/\/behric.art\/product\/fall-to-mars\/#primaryimage"},"thumbnailUrl":"https:\/\/behric.art\/wp-content\/uploads\/2020\/01\/Fall-to-Mars-1.jpg","datePublished":"2020-01-25T21:51:36+00:00","dateModified":"2023-09-28T09:02:31+00:00","description":"Humanity could have a starting point for survival on Mars for only ten years, said Elon Musk. BEST SHOP WONDERFUL FINEART PAINTINGS","breadcrumb":{"@id":"https:\/\/behric.art\/product\/fall-to-mars\/#breadcrumb"},"inLanguage":"sl-SI","potentialAction":[{"@type":"ReadAction","target":["https:\/\/behric.art\/product\/fall-to-mars\/"]}]},{"@type":"ImageObject","inLanguage":"sl-SI","@id":"https:\/\/behric.art\/product\/fall-to-mars\/#primaryimage","url":"https:\/\/behric.art\/wp-content\/uploads\/2020\/01\/Fall-to-Mars-1.jpg","contentUrl":"https:\/\/behric.art\/wp-content\/uploads\/2020\/01\/Fall-to-Mars-1.jpg","width":543,"height":768},{"@type":"BreadcrumbList","@id":"https:\/\/behric.art\/product\/fall-to-mars\/#breadcrumb","itemListElement":[{"@type":"ListItem","position":1,"name":"Home","item":"https:\/\/behric.art\/"},{"@type":"ListItem","position":2,"name":"Shop","item":"https:\/\/behric.art\/shop\/"},{"@type":"ListItem","position":3,"name":"fall to mars"}]},{"@type":"WebSite","@id":"https:\/\/behric.art\/#website","url":"https:\/\/behric.art\/","name":"BeART","description":"Handi Behric ART","publisher":{"@id":"https:\/\/behric.art\/#\/schema\/person\/49cdfa066608cb7bbcd356d6aa2ab771"},"potentialAction":[{"@type":"SearchAction","target":{"@type":"EntryPoint","urlTemplate":"https:\/\/behric.art\/?s={search_term_string}"},"query-input":{"@type":"PropertyValueSpecification","valueRequired":true,"valueName":"search_term_string"}}],"inLanguage":"sl-SI"},{"@type":["Person","Organization"],"@id":"https:\/\/behric.art\/#\/schema\/person\/49cdfa066608cb7bbcd356d6aa2ab771","name":"Handi Behric","image":{"@type":"ImageObject","inLanguage":"sl-SI","@id":"https:\/\/behric.art\/wp-content\/uploads\/2022\/09\/BEART-LOGO-krog-400.png","url":"https:\/\/behric.art\/wp-content\/uploads\/2022\/09\/BEART-LOGO-krog-400.png","contentUrl":"https:\/\/behric.art\/wp-content\/uploads\/2022\/09\/BEART-LOGO-krog-400.png","width":400,"height":400,"caption":"Handi Behric"},"logo":{"@id":"https:\/\/behric.art\/wp-content\/uploads\/2022\/09\/BEART-LOGO-krog-400.png"},"sameAs":["https:\/\/behric.art\/","https:\/\/www.facebook.com\/behric.beart","https:\/\/www.instagram.com\/behric.beart\/","https:\/\/x.com\/BehricArt"]}]}},"_links":{"self":[{"href":"https:\/\/behric.art\/sl\/wp-json\/wp\/v2\/product\/561","targetHints":{"allow":["GET"]}}],"collection":[{"href":"https:\/\/behric.art\/sl\/wp-json\/wp\/v2\/product"}],"about":[{"href":"https:\/\/behric.art\/sl\/wp-json\/wp\/v2\/types\/product"}],"wp:featuredmedia":[{"embeddable":true,"href":"https:\/\/behric.art\/sl\/wp-json\/wp\/v2\/media\/1598"}],"wp:attachment":[{"href":"https:\/\/behric.art\/sl\/wp-json\/wp\/v2\/media?parent=561"}],"wp:term":[{"taxonomy":"product_brand","embeddable":true,"href":"https:\/\/behric.art\/sl\/wp-json\/wp\/v2\/product_brand?post=561"},{"taxonomy":"product_cat","embeddable":true,"href":"https:\/\/behric.art\/sl\/wp-json\/wp\/v2\/product_cat?post=561"},{"taxonomy":"product_tag","embeddable":true,"href":"https:\/\/behric.art\/sl\/wp-json\/wp\/v2\/product_tag?post=561"}],"curies":[{"name":"wp","href":"https:\/\/api.w.org\/{rel}","templated":true}]}}