{"id":1704,"date":"2020-09-04T21:53:40","date_gmt":"2020-09-04T21:53:40","guid":{"rendered":"https:\/\/behric.art\/?post_type=product&#038;p=1704"},"modified":"2023-09-28T09:09:53","modified_gmt":"2023-09-28T09:09:53","slug":"genius-will-be-born-pablo-picasso","status":"publish","type":"product","link":"https:\/\/behric.art\/sl\/izdelek\/genius-will-be-born-pablo-picasso\/","title":{"rendered":"Genius will be born Pablo Picasso"},"content":{"rendered":"<h1><strong><span style=\"color: #00ccff;\">My vision &#8211; Genius will<\/span><span style=\"color: #00ccff;\"> be born<\/span><span style=\"color: #00ccff;\"> Pablo Picasso is Spanish painter and first of world cubism<\/span><\/strong><\/h1>\n<p>My vision and This is my <strong>handmade<\/strong> graphic &#8211; a dry dot that will remind you of this the best artist in cubism.\u00a0That\u2019s how I saw him, where he comes from in this world.<\/p>\n<p>It is a classic hand-made graphic in the drypoint technique. The print is made by hand and numbered with a handwritten signature. It is a very demanding work of art and requires precision and discipline in such handwork.<\/p>\n<p><em>It\u2019s nice to have a job like this at home and enjoy looking at it. Really nice view.\u00a0<\/em><\/p>\n<figure id=\"attachment_1718\" aria-describedby=\"caption-attachment-1718\" style=\"width: 557px\" class=\"wp-caption aligncenter\"><a href=\"https:\/\/behric.art\/sl\/izdelek\/genius-will-be-born-picasso\/\"><img decoding=\"async\" class=\"wp-image-1718 size-medium\" src=\"https:\/\/behric.art\/wp-content\/uploads\/2020\/09\/embryo-picasso-557x400.jpg\" alt=\"born pablo picasso\" width=\"557\" height=\"400\" data-wp-editing=\"1\" srcset=\"https:\/\/behric.art\/wp-content\/uploads\/2020\/09\/embryo-picasso-557x400.jpg 557w, https:\/\/behric.art\/wp-content\/uploads\/2020\/09\/embryo-picasso-768x551.jpg 768w, https:\/\/behric.art\/wp-content\/uploads\/2020\/09\/embryo-picasso-510x366.jpg 510w, https:\/\/behric.art\/wp-content\/uploads\/2020\/09\/embryo-picasso.jpg 879w\" sizes=\"(max-width: 557px) 100vw, 557px\" \/><\/a><figcaption id=\"caption-attachment-1718\" class=\"wp-caption-text\">My spirit vision born painter Picasso<\/figcaption><\/figure>","protected":false},"excerpt":{"rendered":"<p><img decoding=\"async\" id=\"img448\" class=\"aligncenter size-medium sq_image\" title=\"Pablo Picasso\" src=\"https:\/\/pixabay.com\/get\/g42e8481bb1c34da397c0799c1122c149aaa78515a616b86e3552b29e75aababebe6648c91dac243143b1334c8366b19b_640.jpg\" alt=\"Pablo Picasso\" width=\"426\" \/><\/p>\n<h1><span style=\"color: #00ccff; font-size: 100%;\"><a style=\"color: #00ccff;\" href=\"https:\/\/cloud.squirrly.co\/images\/b2e84\/genius-will-be-born-Picasso.jpg\"><span style=\"vertical-align: inherit;\"><span style=\"vertical-align: inherit;\"><span style=\"vertical-align: inherit;\">Genius will be born <strong>Picasso<\/strong><\/span><\/span><\/span><\/a><\/span><\/h1>\n<div class=\"tlid-input input\">\n<div class=\"source-wrap\">\n<div class=\"input-full-height-wrapper tlid-input-full-height-wrapper\">\n<div class=\"source-input\">\n<div class=\"source-footer-wrap source-or-target-footer\">\n<div class=\"character-count tlid-character-count\">\n<h2 class=\"cc-ctr normal\"><span style=\"font-size: 90%;\"><span style=\"vertical-align: inherit;\"><span style=\"vertical-align: inherit;\">A genius will be born and a man will be born, the painter <\/span><\/span><strong><a title=\"Pablo Picasso\" href=\"https:\/\/en.wikipedia.org\/wiki\/Pablo_Picasso\" target=\"_blank\" rel=\"nofollow noopener\"><em><span style=\"vertical-align: inherit;\"><span style=\"vertical-align: inherit;\">Pablo Picasso<\/span><\/span><\/em><\/a><\/strong><span style=\"vertical-align: inherit;\"><span style=\"vertical-align: inherit;\">.<\/span><\/span><\/span><\/h2>\n<h3><span style=\"font-size: 85%;\"><a title=\"Moja umetni\u0161ka vizija\" href=\"https:\/\/be.artsower.art\/\" target=\"_blank\" rel=\"nofollow noopener noreferrer\"><span style=\"color: #ffcc00;\"><span style=\"vertical-align: inherit;\"><span style=\"vertical-align: inherit;\"> My vision ART 2016<\/span><\/span><\/span><\/a><\/span><\/h3>\n<h2><span style=\"font-size: 23.04px;\"><a href=\"https:\/\/behric.art\/sl\/izdelek\/absolute-creator-livings-ideas\/\"><span style=\"vertical-align: inherit;\"><span style=\"vertical-align: inherit;\">I had a vision of how geniuses like Leonardo da Vinci, Picasso, Rafael &#8211; the prince of painters, Einstein, Tesla &#8230; <\/span><\/span><\/a><\/span><\/h2>\n<\/div>\n<\/div>\n<\/div>\n<\/div>\n<\/div>\n<\/div>\n<blockquote><p>Their souls originate from another planet of our solar system.<\/p><\/blockquote>\n<h4><span style=\"color: #00ccff;\">Which planet did you imagine?<\/span><\/h4>\n<p>Usually it is the planet Venus.<\/p>\n<p>There live the souls of artists and sages who surpass us in many ways in their knowledge and wisdom. When they come to us because of their wisdom and desire to help people, their memory is blurred.<\/p>\n<p>But they bring us new light or new joy for a better and more beautiful life on earth. They teach us how to live.<\/p>\n<p><span style=\"vertical-align: inherit;\"><span style=\"vertical-align: inherit;\">Tudi po njihovih delih, kot so Leonardo da Vinci, <\/span><\/span><strong><span style=\"vertical-align: inherit;\"><span style=\"vertical-align: inherit;\">Picasso<\/span><\/span><\/strong><span style=\"vertical-align: inherit;\"><span style=\"vertical-align: inherit;\"> , Rafae l &#8211; Prince of Painters, Einstein, Tesla in drugi, lahko to \u010dutimo danes in se zavedamo, da so bili resni\u010dno geniji. <\/span><span style=\"vertical-align: inherit;\">Slikarji pa bolj ob\u010dutijo tega duha in se v\u010dasih celo pove\u017eejo z njimi.<\/span><\/span><\/p>\n<p><em><span style=\"vertical-align: inherit;\"><span style=\"vertical-align: inherit;\"> Mi \u017ee vemo.<\/span><\/span><\/em><\/p>\n<p>&nbsp;<\/p>\n<p>&nbsp;<\/p>","protected":false},"featured_media":1713,"template":"","meta":[],"product_brand":[],"product_cat":[74],"product_tag":[100,102,101,98,96,97,32],"class_list":{"0":"post-1704","1":"product","2":"type-product","3":"status-publish","4":"has-post-thumbnail","6":"product_cat-stars","7":"product_tag-human","8":"product_tag-jabusimbil","9":"product_tag-mars","10":"product_tag-musk","11":"product_tag-space","12":"product_tag-spirit","13":"product_tag-stars","15":"first","16":"instock","17":"taxable","18":"shipping-taxable","19":"purchasable","20":"product-type-variable","21":"has-default-attributes"},"yoast_head":"<!-- This site is optimized with the Yoast SEO plugin v27.3 - https:\/\/yoast.com\/product\/yoast-seo-wordpress\/ -->\n<title>Genius will be born Pablo Picasso - BEST SHOP WONDERFUL FINEART PAINTINGS<\/title>\n<meta name=\"robots\" content=\"index, follow, max-snippet:-1, max-image-preview:large, max-video-preview:-1\" \/>\n<link rel=\"canonical\" href=\"https:\/\/behric.art\/sl\/izdelek\/genius-will-be-born-pablo-picasso\/\" \/>\n<meta property=\"og:locale\" content=\"sl_SI\" \/>\n<meta property=\"og:type\" content=\"article\" \/>\n<meta property=\"og:title\" content=\"Genius will be born Pablo Picasso - BEST SHOP WONDERFUL FINEART PAINTINGS\" \/>\n<meta property=\"og:description\" content=\"Genius will be born Picasso       A genius will be born and a man will be born, the painter Pablo Picasso.  My vision ART 2016 I had a vision of how geniuses like Leonardo da Vinci, Picasso, Rafael - the prince of painters, Einstein, Tesla ...        Their souls originate from another planet of our solar system. Which planet did you imagine? Usually it is the planet Venus.  There live the souls of artists and sages who surpass us in many ways in their knowledge and wisdom. When they come to us because of their wisdom and desire to help people, their memory is blurred.  But they bring us new light or new joy for a better and more beautiful life on earth. They teach us how to live.  Tudi po njihovih delih, kot so Leonardo da Vinci, Picasso , Rafae l - Prince of Painters, Einstein, Tesla in drugi, lahko to \u010dutimo danes in se zavedamo, da so bili resni\u010dno geniji. Slikarji pa bolj ob\u010dutijo tega duha in se v\u010dasih celo pove\u017eejo z njimi.   Mi \u017ee vemo.  &nbsp;  &nbsp;\" \/>\n<meta property=\"og:url\" content=\"https:\/\/behric.art\/sl\/izdelek\/genius-will-be-born-pablo-picasso\/\" \/>\n<meta property=\"og:site_name\" content=\"BEST SHOP WONDERFUL FINEART PAINTINGS\" \/>\n<meta property=\"article:publisher\" content=\"https:\/\/www.facebook.com\/behric.beart\" \/>\n<meta property=\"article:modified_time\" content=\"2023-09-28T09:09:53+00:00\" \/>\n<meta property=\"og:image\" content=\"https:\/\/behric.art\/wp-content\/uploads\/2020\/09\/genius-will-be-born-Picasso.jpg\" \/>\n\t<meta property=\"og:image:width\" content=\"800\" \/>\n\t<meta property=\"og:image:height\" content=\"879\" \/>\n\t<meta property=\"og:image:type\" content=\"image\/jpeg\" \/>\n<meta name=\"twitter:card\" content=\"summary_large_image\" \/>\n<meta name=\"twitter:site\" content=\"@BehricArt\" \/>\n<meta name=\"twitter:label1\" content=\"Est. reading time\" \/>\n\t<meta name=\"twitter:data1\" content=\"1 minuta\" \/>\n<script type=\"application\/ld+json\" class=\"yoast-schema-graph\">{\"@context\":\"https:\\\/\\\/schema.org\",\"@graph\":[{\"@type\":\"WebPage\",\"@id\":\"https:\\\/\\\/behric.art\\\/sl\\\/izdelek\\\/genius-will-be-born-pablo-picasso\\\/\",\"url\":\"https:\\\/\\\/behric.art\\\/sl\\\/izdelek\\\/genius-will-be-born-pablo-picasso\\\/\",\"name\":\"Genius will be born Pablo Picasso - BEST SHOP WONDERFUL FINEART PAINTINGS\",\"isPartOf\":{\"@id\":\"https:\\\/\\\/behric.art\\\/#website\"},\"primaryImageOfPage\":{\"@id\":\"https:\\\/\\\/behric.art\\\/sl\\\/izdelek\\\/genius-will-be-born-pablo-picasso\\\/#primaryimage\"},\"image\":{\"@id\":\"https:\\\/\\\/behric.art\\\/sl\\\/izdelek\\\/genius-will-be-born-pablo-picasso\\\/#primaryimage\"},\"thumbnailUrl\":\"https:\\\/\\\/behric.art\\\/wp-content\\\/uploads\\\/2020\\\/09\\\/genius-will-be-born-Picasso.jpg\",\"datePublished\":\"2020-09-04T21:53:40+00:00\",\"dateModified\":\"2023-09-28T09:09:53+00:00\",\"breadcrumb\":{\"@id\":\"https:\\\/\\\/behric.art\\\/sl\\\/izdelek\\\/genius-will-be-born-pablo-picasso\\\/#breadcrumb\"},\"inLanguage\":\"sl-SI\",\"potentialAction\":[{\"@type\":\"ReadAction\",\"target\":[\"https:\\\/\\\/behric.art\\\/sl\\\/izdelek\\\/genius-will-be-born-pablo-picasso\\\/\"]}]},{\"@type\":\"ImageObject\",\"inLanguage\":\"sl-SI\",\"@id\":\"https:\\\/\\\/behric.art\\\/sl\\\/izdelek\\\/genius-will-be-born-pablo-picasso\\\/#primaryimage\",\"url\":\"https:\\\/\\\/behric.art\\\/wp-content\\\/uploads\\\/2020\\\/09\\\/genius-will-be-born-Picasso.jpg\",\"contentUrl\":\"https:\\\/\\\/behric.art\\\/wp-content\\\/uploads\\\/2020\\\/09\\\/genius-will-be-born-Picasso.jpg\",\"width\":800,\"height\":879,\"caption\":\"Genius Pablo Picasso\"},{\"@type\":\"BreadcrumbList\",\"@id\":\"https:\\\/\\\/behric.art\\\/sl\\\/izdelek\\\/genius-will-be-born-pablo-picasso\\\/#breadcrumb\",\"itemListElement\":[{\"@type\":\"ListItem\",\"position\":1,\"name\":\"Home\",\"item\":\"https:\\\/\\\/behric.art\\\/\"},{\"@type\":\"ListItem\",\"position\":2,\"name\":\"Shop\",\"item\":\"https:\\\/\\\/behric.art\\\/shop\\\/\"},{\"@type\":\"ListItem\",\"position\":3,\"name\":\"Genius will be born Pablo Picasso\"}]},{\"@type\":\"WebSite\",\"@id\":\"https:\\\/\\\/behric.art\\\/#website\",\"url\":\"https:\\\/\\\/behric.art\\\/\",\"name\":\"BeART\",\"description\":\"Handi Behric ART\",\"publisher\":{\"@id\":\"https:\\\/\\\/behric.art\\\/#\\\/schema\\\/person\\\/49cdfa066608cb7bbcd356d6aa2ab771\"},\"potentialAction\":[{\"@type\":\"SearchAction\",\"target\":{\"@type\":\"EntryPoint\",\"urlTemplate\":\"https:\\\/\\\/behric.art\\\/?s={search_term_string}\"},\"query-input\":{\"@type\":\"PropertyValueSpecification\",\"valueRequired\":true,\"valueName\":\"search_term_string\"}}],\"inLanguage\":\"sl-SI\"},{\"@type\":[\"Person\",\"Organization\"],\"@id\":\"https:\\\/\\\/behric.art\\\/#\\\/schema\\\/person\\\/49cdfa066608cb7bbcd356d6aa2ab771\",\"name\":\"Handi Behric\",\"image\":{\"@type\":\"ImageObject\",\"inLanguage\":\"sl-SI\",\"@id\":\"https:\\\/\\\/behric.art\\\/wp-content\\\/uploads\\\/2022\\\/09\\\/BEART-LOGO-krog-400.png\",\"url\":\"https:\\\/\\\/behric.art\\\/wp-content\\\/uploads\\\/2022\\\/09\\\/BEART-LOGO-krog-400.png\",\"contentUrl\":\"https:\\\/\\\/behric.art\\\/wp-content\\\/uploads\\\/2022\\\/09\\\/BEART-LOGO-krog-400.png\",\"width\":400,\"height\":400,\"caption\":\"Handi Behric\"},\"logo\":{\"@id\":\"https:\\\/\\\/behric.art\\\/wp-content\\\/uploads\\\/2022\\\/09\\\/BEART-LOGO-krog-400.png\"},\"sameAs\":[\"https:\\\/\\\/behric.art\\\/\",\"https:\\\/\\\/www.facebook.com\\\/behric.beart\",\"https:\\\/\\\/www.instagram.com\\\/behric.beart\\\/\",\"https:\\\/\\\/x.com\\\/BehricArt\"]}]}<\/script>\n<!-- \/ Yoast SEO plugin. -->","yoast_head_json":{"title":"Genius will be born Pablo Picasso - BEST SHOP WONDERFUL FINEART PAINTINGS","robots":{"index":"index","follow":"follow","max-snippet":"max-snippet:-1","max-image-preview":"max-image-preview:large","max-video-preview":"max-video-preview:-1"},"canonical":"https:\/\/behric.art\/sl\/izdelek\/genius-will-be-born-pablo-picasso\/","og_locale":"sl_SI","og_type":"article","og_title":"Genius will be born Pablo Picasso - BEST SHOP WONDERFUL FINEART PAINTINGS","og_description":"Genius will be born Picasso       A genius will be born and a man will be born, the painter Pablo Picasso.  My vision ART 2016 I had a vision of how geniuses like Leonardo da Vinci, Picasso, Rafael - the prince of painters, Einstein, Tesla ...        Their souls originate from another planet of our solar system. Which planet did you imagine? Usually it is the planet Venus.  There live the souls of artists and sages who surpass us in many ways in their knowledge and wisdom. When they come to us because of their wisdom and desire to help people, their memory is blurred.  But they bring us new light or new joy for a better and more beautiful life on earth. They teach us how to live.  Tudi po njihovih delih, kot so Leonardo da Vinci, Picasso , Rafae l - Prince of Painters, Einstein, Tesla in drugi, lahko to \u010dutimo danes in se zavedamo, da so bili resni\u010dno geniji. Slikarji pa bolj ob\u010dutijo tega duha in se v\u010dasih celo pove\u017eejo z njimi.   Mi \u017ee vemo.  &nbsp;  &nbsp;","og_url":"https:\/\/behric.art\/sl\/izdelek\/genius-will-be-born-pablo-picasso\/","og_site_name":"BEST SHOP WONDERFUL FINEART PAINTINGS","article_publisher":"https:\/\/www.facebook.com\/behric.beart","article_modified_time":"2023-09-28T09:09:53+00:00","og_image":[{"width":800,"height":879,"url":"https:\/\/behric.art\/wp-content\/uploads\/2020\/09\/genius-will-be-born-Picasso.jpg","type":"image\/jpeg"}],"twitter_card":"summary_large_image","twitter_site":"@BehricArt","twitter_misc":{"Est. reading time":"1 minuta"},"schema":{"@context":"https:\/\/schema.org","@graph":[{"@type":"WebPage","@id":"https:\/\/behric.art\/sl\/izdelek\/genius-will-be-born-pablo-picasso\/","url":"https:\/\/behric.art\/sl\/izdelek\/genius-will-be-born-pablo-picasso\/","name":"Genius will be born Pablo Picasso - BEST SHOP WONDERFUL FINEART PAINTINGS","isPartOf":{"@id":"https:\/\/behric.art\/#website"},"primaryImageOfPage":{"@id":"https:\/\/behric.art\/sl\/izdelek\/genius-will-be-born-pablo-picasso\/#primaryimage"},"image":{"@id":"https:\/\/behric.art\/sl\/izdelek\/genius-will-be-born-pablo-picasso\/#primaryimage"},"thumbnailUrl":"https:\/\/behric.art\/wp-content\/uploads\/2020\/09\/genius-will-be-born-Picasso.jpg","datePublished":"2020-09-04T21:53:40+00:00","dateModified":"2023-09-28T09:09:53+00:00","breadcrumb":{"@id":"https:\/\/behric.art\/sl\/izdelek\/genius-will-be-born-pablo-picasso\/#breadcrumb"},"inLanguage":"sl-SI","potentialAction":[{"@type":"ReadAction","target":["https:\/\/behric.art\/sl\/izdelek\/genius-will-be-born-pablo-picasso\/"]}]},{"@type":"ImageObject","inLanguage":"sl-SI","@id":"https:\/\/behric.art\/sl\/izdelek\/genius-will-be-born-pablo-picasso\/#primaryimage","url":"https:\/\/behric.art\/wp-content\/uploads\/2020\/09\/genius-will-be-born-Picasso.jpg","contentUrl":"https:\/\/behric.art\/wp-content\/uploads\/2020\/09\/genius-will-be-born-Picasso.jpg","width":800,"height":879,"caption":"Genius Pablo Picasso"},{"@type":"BreadcrumbList","@id":"https:\/\/behric.art\/sl\/izdelek\/genius-will-be-born-pablo-picasso\/#breadcrumb","itemListElement":[{"@type":"ListItem","position":1,"name":"Home","item":"https:\/\/behric.art\/"},{"@type":"ListItem","position":2,"name":"Shop","item":"https:\/\/behric.art\/shop\/"},{"@type":"ListItem","position":3,"name":"Genius will be born Pablo Picasso"}]},{"@type":"WebSite","@id":"https:\/\/behric.art\/#website","url":"https:\/\/behric.art\/","name":"BeART","description":"Handi Behric ART","publisher":{"@id":"https:\/\/behric.art\/#\/schema\/person\/49cdfa066608cb7bbcd356d6aa2ab771"},"potentialAction":[{"@type":"SearchAction","target":{"@type":"EntryPoint","urlTemplate":"https:\/\/behric.art\/?s={search_term_string}"},"query-input":{"@type":"PropertyValueSpecification","valueRequired":true,"valueName":"search_term_string"}}],"inLanguage":"sl-SI"},{"@type":["Person","Organization"],"@id":"https:\/\/behric.art\/#\/schema\/person\/49cdfa066608cb7bbcd356d6aa2ab771","name":"Handi Behric","image":{"@type":"ImageObject","inLanguage":"sl-SI","@id":"https:\/\/behric.art\/wp-content\/uploads\/2022\/09\/BEART-LOGO-krog-400.png","url":"https:\/\/behric.art\/wp-content\/uploads\/2022\/09\/BEART-LOGO-krog-400.png","contentUrl":"https:\/\/behric.art\/wp-content\/uploads\/2022\/09\/BEART-LOGO-krog-400.png","width":400,"height":400,"caption":"Handi Behric"},"logo":{"@id":"https:\/\/behric.art\/wp-content\/uploads\/2022\/09\/BEART-LOGO-krog-400.png"},"sameAs":["https:\/\/behric.art\/","https:\/\/www.facebook.com\/behric.beart","https:\/\/www.instagram.com\/behric.beart\/","https:\/\/x.com\/BehricArt"]}]}},"_links":{"self":[{"href":"https:\/\/behric.art\/sl\/wp-json\/wp\/v2\/product\/1704","targetHints":{"allow":["GET"]}}],"collection":[{"href":"https:\/\/behric.art\/sl\/wp-json\/wp\/v2\/product"}],"about":[{"href":"https:\/\/behric.art\/sl\/wp-json\/wp\/v2\/types\/product"}],"wp:featuredmedia":[{"embeddable":true,"href":"https:\/\/behric.art\/sl\/wp-json\/wp\/v2\/media\/1713"}],"wp:attachment":[{"href":"https:\/\/behric.art\/sl\/wp-json\/wp\/v2\/media?parent=1704"}],"wp:term":[{"taxonomy":"product_brand","embeddable":true,"href":"https:\/\/behric.art\/sl\/wp-json\/wp\/v2\/product_brand?post=1704"},{"taxonomy":"product_cat","embeddable":true,"href":"https:\/\/behric.art\/sl\/wp-json\/wp\/v2\/product_cat?post=1704"},{"taxonomy":"product_tag","embeddable":true,"href":"https:\/\/behric.art\/sl\/wp-json\/wp\/v2\/product_tag?post=1704"}],"curies":[{"name":"wp","href":"https:\/\/api.w.org\/{rel}","templated":true}]}}