{"id":649,"date":"2020-01-28T19:36:41","date_gmt":"2020-01-28T19:36:41","guid":{"rendered":"https:\/\/behric.art\/?page_id=649"},"modified":"2020-01-28T19:36:41","modified_gmt":"2020-01-28T19:36:41","slug":"politika-o-piskotkih","status":"publish","type":"page","link":"https:\/\/behric.art\/sl\/politika-o-piskotkih\/","title":{"rendered":"POLITIKA O PI\u0160KOTKIH"},"content":{"rendered":"<h3><span style=\"color: #333333;\"><strong><span style=\"font-size: 100%;\">POLITIKA O PI\u0160KOTKIH<\/span><\/strong><\/span><\/h3>\n<p><span style=\"color: #333333;\"><strong><span style=\"font-size: 100%;\">Pravna podlaga<\/span><\/strong><\/span><\/p>\n<p><span style=\"font-size: 100%; color: #333333;\">Osnova za sporo\u010dilo je spremenjeni Zakon o elektronskih komunikacijah (Uradni list \u0161t. 109\/2012, v nadaljevanju ZEKom-1), ki je za\u010del veljati v za\u010detku leta 2013, prinesel nova pravila glede uporabe pi\u0161kotkov in podobnih tehnologij za shranjevanje informacij ali dostop do informacij, shranjenih v ra\u010dunalniku ali mobilni napravi uporabnika.<\/span><\/p>\n<p><span style=\"font-size: 100%; color: #333333;\">Pi\u0161kotki, ki jih uporabljamo na tej strani, sledijo smernicam:<\/span><\/p>\n<p><span style=\"font-size: 100%; color: #333333;\"><a style=\"color: #333333;\" href=\"https:\/\/www.ip-rs.si\/fileadmin\/user_upload\/Pdf\/smernice\/Smernice_o_uporabi_piskotkov.pdf\" target=\"_blank\" rel=\"noopener noreferrer\">\u2022 Informacijski poobla\u0161\u010denec RS (PDF)<\/a><\/span><\/p>\n<h4><span style=\"color: #333333;\"><strong><span style=\"font-size: 100%;\">PI\u0160KOTKI NA SPLETNI STRANI BEART.SHOP<\/span><\/strong><\/span><\/h4>\n<p><span style=\"font-size: 100%; color: #333333;\">To spletno mesto, tako kot veliko drugih, uporablja majhne datoteke, imenovane pi\u0161kotki, ki nam pomagajo prilagoditi va\u0161o izku\u0161njo. Izvedite ve\u010d o pi\u0161kotkih in kako jih lahko nadzorujete.<\/span><\/p>\n<p><span style=\"font-size: 100%; color: #333333;\">Ta stran vsebuje informacije o tem, kaj so pi\u0161kotki, pi\u0161kotki, ki jih uporablja spletno mesto beart.shop, kako preklopiti pi\u0161kotke v va\u0161em brskalniku, kako izklopiti ogla\u0161evanje pi\u0161kotkov in nekaj koristnih povezav za nadaljnje branje o tej temi.<\/span><\/p>\n<p><span style=\"color: #333333;\"><strong><span style=\"font-size: 100%;\">Kaj so pi\u0161kotki?<\/span><\/strong><\/span><\/p>\n<p><span style=\"font-size: 100%; color: #333333;\">\u00bbPi\u0161kotki\u00ab so majhne besedilne datoteke, ki jih brskalnik (na primer Internet Explorer ali Safari) shrani v ra\u010dunalniku ali mobilnem telefonu. Spletnim mestom omogo\u010dajo shranjevanje stvari, kot so uporabni\u0161ke nastavitve. Pi\u0161kotke lahko uporabite kot &#8220;pomnilnik&#8221; za spletno mesto, tako da vas lahko prepozna, ko se vrnete in se ustrezno odzovete.<\/span><\/p>\n<p><span style=\"color: #333333;\"><strong><span style=\"font-size: 100%;\">Kako spletno mesto beart.shop uporablja pi\u0161kotke?<\/span><\/strong><\/span><\/p>\n<p><span style=\"font-size: 100%; color: #333333;\">Obisk strani na spletni strani beart.shop lahko ustvari naslednje vrste pi\u0161kotkov:<\/span><\/p>\n<p><span style=\"font-size: 100%; color: #333333;\">\u2022 Anonimni analiti\u010dni pi\u0161kotki<\/span><\/p>\n<p><span style=\"font-size: 100%; color: #333333;\">\u2022 Pi\u0161kotki za geotargiranje<\/span><\/p>\n<p><span style=\"font-size: 100%; color: #333333;\">\u2022 pi\u0161kotki za registracijo<\/span><\/p>\n<p><span style=\"font-size: 100%; color: #333333;\">\u2022 Ogla\u0161evanje pi\u0161kotkov<\/span><\/p>\n<p><span style=\"font-size: 100%; color: #333333;\">\u2022 ogla\u0161evanje pi\u0161kotkov tretjih oseb<\/span><\/p>\n<p><span style=\"color: #333333;\"><strong><span style=\"font-size: 100%;\">Anonimni analiti\u010dni pi\u0161kotki:<\/span><\/strong><\/span><\/p>\n<p><span style=\"font-size: 100%; color: #333333;\">\u2022 Vsaki\u010d, ko nekdo obi\u0161\u010de na\u0161e spletno mesto, programska oprema druge organizacije ustvari \u201eanonimni analiti\u010dni pi\u0161kotek\u201c. |<\/span><\/p>\n<p><span style=\"font-size: 100%; color: #333333;\">\u2022 Ti pi\u0161kotki nam lahko sporo\u010dijo, ali ste \u017ee prej obiskali spletno mesto.<\/span><\/p>\n<p><span style=\"font-size: 100%; color: #333333;\">\u2022 Va\u0161 brskalnik nam bo povedal, \u010de imate te pi\u0161kotke in \u010de ne, ustvarjamo nove.<\/span><\/p>\n<p><span style=\"font-size: 100%; color: #333333;\">\u2022 To nam omogo\u010da, da spremljamo, koliko posameznih uporabnikov imamo in kako pogosto obi\u0161\u010dejo spletno mesto.<\/span><\/p>\n<p><span style=\"font-size: 100%; color: #333333;\">\u2022 \u010ce niste prijavljeni v beart.shop, teh pi\u0161kotkov ne moremo uporabiti za identifikacijo posameznikov. Uporabljamo jih za zbiranje statisti\u010dnih podatkov, na primer o \u0161tevilu obiskov na strani. \u010ce ste prijavljeni, bomo vedeli tudi podrobnosti, ki ste nam jih posredovali, na primer va\u0161e uporabni\u0161ko ime in e-po\u0161tni naslov.<\/span><\/p>\n<p><span style=\"color: #333333;\"><strong><span style=\"font-size: 100%;\">Pi\u0161kotki za geotargiranje<\/span><\/strong><\/span><\/p>\n<p><span style=\"font-size: 100%; color: #333333;\">Te pi\u0161kotke uporablja programska oprema, ki posku\u0161a ugotoviti, v kateri dr\u017eavi ste, s podatki, ki jih posreduje va\u0161 brskalnik, ko kliknete na spletno stran. Ta pi\u0161kotek je popolnoma anonimen in uporabljamo ga samo za pomo\u010d pri usmerjanju v ustrezno regijo ali spletno mesto.<\/span><\/p>\n<p><span style=\"color: #333333;\"><strong><span style=\"font-size: 100%;\">Pi\u0161kotki za registracijo<\/span><\/strong><\/span><\/p>\n<p><span style=\"font-size: 100%; color: #333333;\">Ko se registrirate z beart.shop, ustvarjamo pi\u0161kotke, ki nam sporo\u010dajo, ali ste prijavljeni ali ne.<\/span><\/p>\n<p><span style=\"font-size: 100%; color: #333333;\">Na\u0161i stre\u017eniki uporabljajo te pi\u0161kotke za dolo\u010ditev ra\u010duna, s katerim ste prijavljeni, in \u010de imate dostop do dolo\u010dene storitve.<\/span><\/p>\n<p><span style=\"font-size: 100%; color: #333333;\">Medtem ko ste prijavljeni v katero od spletnih mest, zdru\u017eimo informacije iz registracijskih pi\u0161kotkov z analiti\u010dnimi pi\u0161kotki, s katerimi lahko ugotovimo, katere strani ste videli na beart.shopu.<\/span><\/p>\n<p><span style=\"color: #333333;\"><strong><span style=\"font-size: 100%;\">Ogla\u0161evalni pi\u0161kotki<\/span><\/strong><\/span><\/p>\n<p><span style=\"font-size: 100%; color: #333333;\">Ti pi\u0161kotki nam omogo\u010dajo, da ugotovimo, ali ste videli oglas ali vrsto oglasa in kako dolgo je \u017ee odkar ste ga videli.<\/span><\/p>\n<p><span style=\"font-size: 100%; color: #333333;\">Pi\u0161kotke uporabljamo tudi za pomo\u010d pri ciljnem ogla\u0161evanju. Mi lahko uporabimo pi\u0161kotke, ki jih je dolo\u010dila druga organizacija, da bomo lahko natan\u010dneje ciljali na ogla\u0161evanje. Ti pi\u0161kotki so anonimni &#8211; shranjujejo informacije o tem, kaj i\u0161\u010dete na na\u0161i strani, ne pa tudi o tem, kdo ste.<\/span><\/p>\n<p><span style=\"color: #333333;\"><strong><span style=\"font-size: 100%;\">Drugi pi\u0161kotki tretjih oseb<\/span><\/strong><\/span><\/p>\n<p><span style=\"font-size: 100%; color: #333333;\">Na nekaterih straneh na\u0161e spletne strani lahko tudi druge organizacije dolo\u010dijo svoje anonimne pi\u0161kotke. To storijo za sledenje uspe\u0161nosti svoje aplikacije ali za prilagoditev aplikacije za vas. Zaradi tega, kako pi\u0161kotki delujejo, na\u0161a spletna stran ne more dostopati do teh pi\u0161kotkov, niti druga organizacija ne more dostopati do podatkov v pi\u0161kotkih, ki jih uporabljamo na na\u0161i spletni strani.<\/span><\/p>\n<p><span style=\"color: #333333;\"><strong><span style=\"font-size: 100%;\">Kako izklju\u010dim pi\u0161kotke?<\/span><\/strong><\/span><\/p>\n<p><span style=\"font-size: 100%; color: #333333;\">Obi\u010dajno je mogo\u010de ustaviti brskalnik, ki sprejema pi\u0161kotke, ali ustaviti sprejemanje pi\u0161kotkov z dolo\u010denega spletnega mesta. Vendar ne moremo ugotoviti, ali ste prijavljeni brez pi\u0161kotkov, zato ne boste mogli objavljati komentarjev.<\/span><\/p>\n<p><span style=\"font-size: 100%; color: #333333;\">Vsi moderni brskalniki vam omogo\u010dajo spreminjanje nastavitev pi\u0161kotkov. Obi\u010dajno lahko te nastavitve najdete v meniju \u00bbMo\u017enosti\u00ab ali \u00bbNastavitve\u00ab v va\u0161em brskalniku. \u010ce \u017eelite razumeti te nastavitve, so lahko koristne naslednje povezave ali pa za ve\u010d podrobnosti uporabite mo\u017enost \u00bbPomo\u010d\u00ab v brskalniku.<\/span><\/p>\n<p><span style=\"color: #333333;\"><strong><span style=\"font-size: 100%;\">Nastavitve pi\u0161kotkov:<\/span><\/strong><\/span><\/p>\n<ul>\n<li><span style=\"font-size: 100%; color: #333333;\"><a style=\"color: #333333;\" href=\"https:\/\/support.google.com\/chrome\/answer\/95647?hl=sl-sl&amp;p=cpn_cookies\" target=\"_blank\" rel=\"noopener noreferrer\"><span style=\"font-family: AvenirNext LT Pro MediumCn, sans-serif;\">Chrome<\/span><\/a><\/span><\/li>\n<li><span style=\"font-size: 100%; color: #333333;\"><a style=\"color: #333333;\" href=\"http:\/\/support.mozilla.org\/sl\/kb\/Kako%20aktivirate%20in%20deaktivirate%20pi%C5%A1kote\" target=\"_blank\" rel=\"noopener noreferrer\"><span style=\"font-family: AvenirNext LT Pro MediumCn, sans-serif;\">Firefox<\/span><\/a><\/span><\/li>\n<li><span style=\"font-size: 100%; color: #333333;\"><a style=\"color: #333333;\" href=\"http:\/\/windows.microsoft.com\/sl-si\/windows7\/how-to-manage-cookies-in-internet-explorer-9\" target=\"_blank\" rel=\"noopener noreferrer\"><span style=\"font-family: AvenirNext LT Pro MediumCn, sans-serif;\">Internet Explorer 9<\/span><\/a><\/span><\/li>\n<li><span style=\"font-size: 100%; color: #333333;\"><a style=\"color: #333333;\" href=\"http:\/\/windows.microsoft.com\/sl-si\/windows-vista\/block-or-allow-cookies\" target=\"_blank\" rel=\"noopener noreferrer\"><span style=\"font-family: AvenirNext LT Pro MediumCn, sans-serif;\">Internet Explorer 7 ali 8<\/span><\/a><\/span><\/li>\n<li><span style=\"font-size: 100%; color: #333333;\"><a style=\"color: #333333;\" href=\"http:\/\/www.opera.com\/help\/tutorials\/security\/cookies\/\" target=\"_blank\" rel=\"noopener noreferrer\"><span style=\"font-family: AvenirNext LT Pro MediumCn, sans-serif;\">Opera<\/span><\/a><\/span><\/li>\n<li><span style=\"font-size: 100%; color: #333333;\"><a style=\"color: #333333;\" href=\"http:\/\/support.apple.com\/kb\/PH11913\" target=\"_blank\" rel=\"noopener noreferrer\"><span style=\"font-family: AvenirNext LT Pro MediumCn, sans-serif;\">Safari<\/span><\/a><\/span><\/li>\n<\/ul>\n<p><span style=\"color: #333333;\"><strong><span style=\"font-size: 100%;\">Koristne povezave<\/span><\/strong><\/span><\/p>\n<p><span style=\"font-size: 100%; color: #333333;\">\u010ce \u017eelite izvedeti ve\u010d o pi\u0161kotkih in njihovi uporabi na internetu, lahko uporabite naslednje povezave:<\/span><\/p>\n<p><span style=\"font-size: 100%; color: #333333;\"><a style=\"color: #333333;\" href=\"https:\/\/www.microsoft.com\/info\/cookies.mspx\" target=\"_blank\" rel=\"noopener noreferrer\">Priro\u010dnik Microsoftovih pi\u0161kotkov<\/a><\/span><\/p>\n<p><span style=\"font-size: 100%; color: #333333;\"><a style=\"color: #333333;\" href=\"http:\/\/www.allaboutcookies.org\/\" target=\"_blank\" rel=\"noopener noreferrer\">Vse o pi\u0161kotkih<\/a><\/span><\/p>\n<p>&nbsp;<\/p>\n<p><span style=\"font-size: 100%; color: #333333;\">Datum objave: 21. maj 2018<\/span><\/p>","protected":false},"excerpt":{"rendered":"<p>POLITIKA O PI\u0160KOTKIH Pravna podlaga Osnova za sporo\u010dilo je spremenjeni Zakon o elektronskih komunikacijah (Uradni list \u0161t. 109\/2012, v nadaljevanju ZEKom-1), ki je za\u010del veljati v za\u010detku leta 2013, prinesel nova pravila glede uporabe pi\u0161kotkov in podobnih tehnologij za shranjevanje informacij ali dostop do informacij, shranjenih v ra\u010dunalniku ali mobilni napravi uporabnika. Pi\u0161kotki, ki jih [&#8230;]\n","protected":false},"author":1,"featured_media":0,"parent":0,"menu_order":0,"comment_status":"closed","ping_status":"closed","template":"","meta":{"footnotes":""},"class_list":["post-649","page","type-page","status-publish","hentry"],"yoast_head":"<!-- This site is optimized with the Yoast SEO plugin v27.3 - https:\/\/yoast.com\/product\/yoast-seo-wordpress\/ -->\n<title>POLITIKA O PI\u0160KOTKIH - BEST SHOP WONDERFUL FINEART PAINTINGS<\/title>\n<meta name=\"robots\" content=\"index, follow, max-snippet:-1, max-image-preview:large, max-video-preview:-1\" \/>\n<link rel=\"canonical\" href=\"https:\/\/behric.art\/sl\/politika-o-piskotkih\/\" \/>\n<meta property=\"og:locale\" content=\"sl_SI\" \/>\n<meta property=\"og:type\" content=\"article\" \/>\n<meta property=\"og:title\" content=\"POLITIKA O PI\u0160KOTKIH - BEST SHOP WONDERFUL FINEART PAINTINGS\" \/>\n<meta property=\"og:description\" content=\"POLITIKA O PI\u0160KOTKIH Pravna podlaga Osnova za sporo\u010dilo je spremenjeni Zakon o elektronskih komunikacijah (Uradni list \u0161t. 109\/2012, v nadaljevanju ZEKom-1), ki je za\u010del veljati v za\u010detku leta 2013, prinesel nova pravila glede uporabe pi\u0161kotkov in podobnih tehnologij za shranjevanje informacij ali dostop do informacij, shranjenih v ra\u010dunalniku ali mobilni napravi uporabnika. Pi\u0161kotki, ki jih [...]\" \/>\n<meta property=\"og:url\" content=\"https:\/\/behric.art\/sl\/politika-o-piskotkih\/\" \/>\n<meta property=\"og:site_name\" content=\"BEST SHOP WONDERFUL FINEART PAINTINGS\" \/>\n<meta property=\"article:publisher\" content=\"https:\/\/www.facebook.com\/behric.beart\" \/>\n<meta name=\"twitter:card\" content=\"summary_large_image\" \/>\n<meta name=\"twitter:site\" content=\"@BehricArt\" \/>\n<meta name=\"twitter:label1\" content=\"Est. reading time\" \/>\n\t<meta name=\"twitter:data1\" content=\"4 minute\" \/>\n<script type=\"application\/ld+json\" class=\"yoast-schema-graph\">{\"@context\":\"https:\\\/\\\/schema.org\",\"@graph\":[{\"@type\":\"WebPage\",\"@id\":\"https:\\\/\\\/behric.art\\\/politika-o-piskotkih\\\/\",\"url\":\"https:\\\/\\\/behric.art\\\/politika-o-piskotkih\\\/\",\"name\":\"POLITIKA O PI\u0160KOTKIH - BEST SHOP WONDERFUL FINEART PAINTINGS\",\"isPartOf\":{\"@id\":\"https:\\\/\\\/behric.art\\\/#website\"},\"datePublished\":\"2020-01-28T19:36:41+00:00\",\"breadcrumb\":{\"@id\":\"https:\\\/\\\/behric.art\\\/politika-o-piskotkih\\\/#breadcrumb\"},\"inLanguage\":\"sl-SI\",\"potentialAction\":[{\"@type\":\"ReadAction\",\"target\":[\"https:\\\/\\\/behric.art\\\/politika-o-piskotkih\\\/\"]}]},{\"@type\":\"BreadcrumbList\",\"@id\":\"https:\\\/\\\/behric.art\\\/politika-o-piskotkih\\\/#breadcrumb\",\"itemListElement\":[{\"@type\":\"ListItem\",\"position\":1,\"name\":\"Home\",\"item\":\"https:\\\/\\\/behric.art\\\/\"},{\"@type\":\"ListItem\",\"position\":2,\"name\":\"POLITIKA O PI\u0160KOTKIH\"}]},{\"@type\":\"WebSite\",\"@id\":\"https:\\\/\\\/behric.art\\\/#website\",\"url\":\"https:\\\/\\\/behric.art\\\/\",\"name\":\"BeART\",\"description\":\"Handi Behric ART\",\"publisher\":{\"@id\":\"https:\\\/\\\/behric.art\\\/#\\\/schema\\\/person\\\/49cdfa066608cb7bbcd356d6aa2ab771\"},\"potentialAction\":[{\"@type\":\"SearchAction\",\"target\":{\"@type\":\"EntryPoint\",\"urlTemplate\":\"https:\\\/\\\/behric.art\\\/?s={search_term_string}\"},\"query-input\":{\"@type\":\"PropertyValueSpecification\",\"valueRequired\":true,\"valueName\":\"search_term_string\"}}],\"inLanguage\":\"sl-SI\"},{\"@type\":[\"Person\",\"Organization\"],\"@id\":\"https:\\\/\\\/behric.art\\\/#\\\/schema\\\/person\\\/49cdfa066608cb7bbcd356d6aa2ab771\",\"name\":\"Handi Behric\",\"image\":{\"@type\":\"ImageObject\",\"inLanguage\":\"sl-SI\",\"@id\":\"https:\\\/\\\/behric.art\\\/wp-content\\\/uploads\\\/2022\\\/09\\\/BEART-LOGO-krog-400.png\",\"url\":\"https:\\\/\\\/behric.art\\\/wp-content\\\/uploads\\\/2022\\\/09\\\/BEART-LOGO-krog-400.png\",\"contentUrl\":\"https:\\\/\\\/behric.art\\\/wp-content\\\/uploads\\\/2022\\\/09\\\/BEART-LOGO-krog-400.png\",\"width\":400,\"height\":400,\"caption\":\"Handi Behric\"},\"logo\":{\"@id\":\"https:\\\/\\\/behric.art\\\/wp-content\\\/uploads\\\/2022\\\/09\\\/BEART-LOGO-krog-400.png\"},\"sameAs\":[\"https:\\\/\\\/behric.art\\\/\",\"https:\\\/\\\/www.facebook.com\\\/behric.beart\",\"https:\\\/\\\/www.instagram.com\\\/behric.beart\\\/\",\"https:\\\/\\\/x.com\\\/BehricArt\"]}]}<\/script>\n<!-- \/ Yoast SEO plugin. -->","yoast_head_json":{"title":"POLITIKA O PI\u0160KOTKIH - BEST SHOP WONDERFUL FINEART PAINTINGS","robots":{"index":"index","follow":"follow","max-snippet":"max-snippet:-1","max-image-preview":"max-image-preview:large","max-video-preview":"max-video-preview:-1"},"canonical":"https:\/\/behric.art\/sl\/politika-o-piskotkih\/","og_locale":"sl_SI","og_type":"article","og_title":"POLITIKA O PI\u0160KOTKIH - BEST SHOP WONDERFUL FINEART PAINTINGS","og_description":"POLITIKA O PI\u0160KOTKIH Pravna podlaga Osnova za sporo\u010dilo je spremenjeni Zakon o elektronskih komunikacijah (Uradni list \u0161t. 109\/2012, v nadaljevanju ZEKom-1), ki je za\u010del veljati v za\u010detku leta 2013, prinesel nova pravila glede uporabe pi\u0161kotkov in podobnih tehnologij za shranjevanje informacij ali dostop do informacij, shranjenih v ra\u010dunalniku ali mobilni napravi uporabnika. Pi\u0161kotki, ki jih [...]","og_url":"https:\/\/behric.art\/sl\/politika-o-piskotkih\/","og_site_name":"BEST SHOP WONDERFUL FINEART PAINTINGS","article_publisher":"https:\/\/www.facebook.com\/behric.beart","twitter_card":"summary_large_image","twitter_site":"@BehricArt","twitter_misc":{"Est. reading time":"4 minute"},"schema":{"@context":"https:\/\/schema.org","@graph":[{"@type":"WebPage","@id":"https:\/\/behric.art\/politika-o-piskotkih\/","url":"https:\/\/behric.art\/politika-o-piskotkih\/","name":"POLITIKA O PI\u0160KOTKIH - BEST SHOP WONDERFUL FINEART PAINTINGS","isPartOf":{"@id":"https:\/\/behric.art\/#website"},"datePublished":"2020-01-28T19:36:41+00:00","breadcrumb":{"@id":"https:\/\/behric.art\/politika-o-piskotkih\/#breadcrumb"},"inLanguage":"sl-SI","potentialAction":[{"@type":"ReadAction","target":["https:\/\/behric.art\/politika-o-piskotkih\/"]}]},{"@type":"BreadcrumbList","@id":"https:\/\/behric.art\/politika-o-piskotkih\/#breadcrumb","itemListElement":[{"@type":"ListItem","position":1,"name":"Home","item":"https:\/\/behric.art\/"},{"@type":"ListItem","position":2,"name":"POLITIKA O PI\u0160KOTKIH"}]},{"@type":"WebSite","@id":"https:\/\/behric.art\/#website","url":"https:\/\/behric.art\/","name":"BeART","description":"Handi Behric ART","publisher":{"@id":"https:\/\/behric.art\/#\/schema\/person\/49cdfa066608cb7bbcd356d6aa2ab771"},"potentialAction":[{"@type":"SearchAction","target":{"@type":"EntryPoint","urlTemplate":"https:\/\/behric.art\/?s={search_term_string}"},"query-input":{"@type":"PropertyValueSpecification","valueRequired":true,"valueName":"search_term_string"}}],"inLanguage":"sl-SI"},{"@type":["Person","Organization"],"@id":"https:\/\/behric.art\/#\/schema\/person\/49cdfa066608cb7bbcd356d6aa2ab771","name":"Handi Behric","image":{"@type":"ImageObject","inLanguage":"sl-SI","@id":"https:\/\/behric.art\/wp-content\/uploads\/2022\/09\/BEART-LOGO-krog-400.png","url":"https:\/\/behric.art\/wp-content\/uploads\/2022\/09\/BEART-LOGO-krog-400.png","contentUrl":"https:\/\/behric.art\/wp-content\/uploads\/2022\/09\/BEART-LOGO-krog-400.png","width":400,"height":400,"caption":"Handi Behric"},"logo":{"@id":"https:\/\/behric.art\/wp-content\/uploads\/2022\/09\/BEART-LOGO-krog-400.png"},"sameAs":["https:\/\/behric.art\/","https:\/\/www.facebook.com\/behric.beart","https:\/\/www.instagram.com\/behric.beart\/","https:\/\/x.com\/BehricArt"]}]}},"_links":{"self":[{"href":"https:\/\/behric.art\/sl\/wp-json\/wp\/v2\/pages\/649","targetHints":{"allow":["GET"]}}],"collection":[{"href":"https:\/\/behric.art\/sl\/wp-json\/wp\/v2\/pages"}],"about":[{"href":"https:\/\/behric.art\/sl\/wp-json\/wp\/v2\/types\/page"}],"author":[{"embeddable":true,"href":"https:\/\/behric.art\/sl\/wp-json\/wp\/v2\/users\/1"}],"replies":[{"embeddable":true,"href":"https:\/\/behric.art\/sl\/wp-json\/wp\/v2\/comments?post=649"}],"version-history":[{"count":0,"href":"https:\/\/behric.art\/sl\/wp-json\/wp\/v2\/pages\/649\/revisions"}],"wp:attachment":[{"href":"https:\/\/behric.art\/sl\/wp-json\/wp\/v2\/media?parent=649"}],"curies":[{"name":"wp","href":"https:\/\/api.w.org\/{rel}","templated":true}]}}